{"id":5854,"date":"2024-07-03T14:07:56","date_gmt":"2024-07-03T11:07:56","guid":{"rendered":"https:\/\/www.sofacompany.gr\/product\/kathreptes-princess\/"},"modified":"2025-09-25T11:30:24","modified_gmt":"2025-09-25T08:30:24","slug":"kathreptes-princess","status":"publish","type":"product","link":"https:\/\/www.sofacompany.gr\/en\/product\/kathreptes-princess\/","title":{"rendered":"MIRRORS PRINCESS"},"content":{"rendered":"","protected":false},"excerpt":{"rendered":"<p>Decorative round mirrors, available in various dimensions \u00d820 | \u00d825 | \u00d830 | \u00d840 | \u00d850 | \u00d860 | \u00d870 | \u00d880 | \u00d890 | \u00d8100.<\/p>\n<p>(The price refers to dimensions \u00d820).<\/p>\n","protected":false},"featured_media":937,"template":"","meta":{"_acf_changed":false},"product_brand":[],"product_cat":[85],"product_tag":[],"class_list":{"0":"post-5854","1":"product","2":"type-product","3":"status-publish","4":"has-post-thumbnail","6":"product_cat-kathreptes","7":"sales-flash-overlay","8":"woocommerce-text-align-center","9":"woocommerce-image-align-center","11":"first","12":"instock","13":"purchasable","14":"product-type-simple"},"acf":[],"yoast_head":"<!-- This site is optimized with the Yoast SEO plugin v26.0 - https:\/\/yoast.com\/wordpress\/plugins\/seo\/ -->\n<title>MIRRORS PRINCESS | Komfy<\/title>\n<meta name=\"robots\" content=\"index, follow, max-snippet:-1, max-image-preview:large, max-video-preview:-1\" \/>\n<link rel=\"canonical\" href=\"https:\/\/www.sofacompany.gr\/en\/product\/kathreptes-princess\/\" \/>\n<meta property=\"og:locale\" content=\"en_US\" \/>\n<meta property=\"og:type\" content=\"article\" \/>\n<meta property=\"og:title\" content=\"MIRRORS PRINCESS | Komfy\" \/>\n<meta property=\"og:description\" content=\"Decorative round mirrors, available in various dimensions \u00d820 | \u00d825 | \u00d830 | \u00d840 | \u00d850 | \u00d860 | \u00d870 | \u00d880 | \u00d890 | \u00d8100.  (The price refers to dimensions \u00d820).\" \/>\n<meta property=\"og:url\" content=\"https:\/\/www.sofacompany.gr\/en\/product\/kathreptes-princess\/\" \/>\n<meta property=\"og:site_name\" content=\"Komfy\" \/>\n<meta property=\"article:publisher\" content=\"https:\/\/www.facebook.com\/komfy.gr\" \/>\n<meta property=\"article:modified_time\" content=\"2025-09-25T08:30:24+00:00\" \/>\n<meta property=\"og:image\" content=\"https:\/\/www.sofacompany.gr\/wp-content\/uploads\/2024\/07\/kathreftes.jpg\" \/>\n\t<meta property=\"og:image:width\" content=\"2000\" \/>\n\t<meta property=\"og:image:height\" content=\"1500\" \/>\n\t<meta property=\"og:image:type\" content=\"image\/jpeg\" \/>\n<meta name=\"twitter:card\" content=\"summary_large_image\" \/>\n<meta name=\"twitter:label1\" content=\"Est. reading time\" \/>\n\t<meta name=\"twitter:data1\" content=\"1 minute\" \/>\n<script type=\"application\/ld+json\" class=\"yoast-schema-graph\">{\"@context\":\"https:\/\/schema.org\",\"@graph\":[{\"@type\":\"WebPage\",\"@id\":\"https:\/\/www.sofacompany.gr\/en\/product\/kathreptes-princess\/\",\"url\":\"https:\/\/www.sofacompany.gr\/en\/product\/kathreptes-princess\/\",\"name\":\"MIRRORS PRINCESS | Komfy\",\"isPartOf\":{\"@id\":\"https:\/\/www.sofacompany.gr\/en\/#website\"},\"primaryImageOfPage\":{\"@id\":\"https:\/\/www.sofacompany.gr\/en\/product\/kathreptes-princess\/#primaryimage\"},\"image\":{\"@id\":\"https:\/\/www.sofacompany.gr\/en\/product\/kathreptes-princess\/#primaryimage\"},\"thumbnailUrl\":\"https:\/\/www.sofacompany.gr\/wp-content\/uploads\/2024\/07\/kathreftes.jpg\",\"datePublished\":\"2024-07-03T11:07:56+00:00\",\"dateModified\":\"2025-09-25T08:30:24+00:00\",\"breadcrumb\":{\"@id\":\"https:\/\/www.sofacompany.gr\/en\/product\/kathreptes-princess\/#breadcrumb\"},\"inLanguage\":\"en-US\",\"potentialAction\":[{\"@type\":\"ReadAction\",\"target\":[\"https:\/\/www.sofacompany.gr\/en\/product\/kathreptes-princess\/\"]}]},{\"@type\":\"ImageObject\",\"inLanguage\":\"en-US\",\"@id\":\"https:\/\/www.sofacompany.gr\/en\/product\/kathreptes-princess\/#primaryimage\",\"url\":\"https:\/\/www.sofacompany.gr\/wp-content\/uploads\/2024\/07\/kathreftes.jpg\",\"contentUrl\":\"https:\/\/www.sofacompany.gr\/wp-content\/uploads\/2024\/07\/kathreftes.jpg\",\"width\":2000,\"height\":1500},{\"@type\":\"BreadcrumbList\",\"@id\":\"https:\/\/www.sofacompany.gr\/en\/product\/kathreptes-princess\/#breadcrumb\",\"itemListElement\":[{\"@type\":\"ListItem\",\"position\":1,\"name\":\"HOME\",\"item\":\"https:\/\/www.sofacompany.gr\/en\/\"},{\"@type\":\"ListItem\",\"position\":2,\"name\":\"PRODUCTS\",\"item\":\"https:\/\/www.sofacompany.gr\/en\/proionta\/\"},{\"@type\":\"ListItem\",\"position\":3,\"name\":\"SMALL FURNITURE\",\"item\":\"https:\/\/www.sofacompany.gr\/en\/product-category\/mikroepipla-spitiou\/\"},{\"@type\":\"ListItem\",\"position\":4,\"name\":\"Mirrors\",\"item\":\"https:\/\/www.sofacompany.gr\/en\/product-category\/mikroepipla-spitiou\/kathreptes\/\"},{\"@type\":\"ListItem\",\"position\":5,\"name\":\"MIRRORS PRINCESS\"}]},{\"@type\":\"WebSite\",\"@id\":\"https:\/\/www.sofacompany.gr\/en\/#website\",\"url\":\"https:\/\/www.sofacompany.gr\/en\/\",\"name\":\"Komfy\",\"description\":\"\",\"publisher\":{\"@id\":\"https:\/\/www.sofacompany.gr\/en\/#organization\"},\"potentialAction\":[{\"@type\":\"SearchAction\",\"target\":{\"@type\":\"EntryPoint\",\"urlTemplate\":\"https:\/\/www.sofacompany.gr\/en\/?s={search_term_string}\"},\"query-input\":{\"@type\":\"PropertyValueSpecification\",\"valueRequired\":true,\"valueName\":\"search_term_string\"}}],\"inLanguage\":\"en-US\"},{\"@type\":\"Organization\",\"@id\":\"https:\/\/www.sofacompany.gr\/en\/#organization\",\"name\":\"Komfy\",\"url\":\"https:\/\/www.sofacompany.gr\/en\/\",\"logo\":{\"@type\":\"ImageObject\",\"inLanguage\":\"en-US\",\"@id\":\"https:\/\/www.sofacompany.gr\/en\/#\/schema\/logo\/image\/\",\"url\":\"https:\/\/www.sofacompany.gr\/wp-content\/uploads\/2025\/09\/komfy-by-sofacompany-25.jpg\",\"contentUrl\":\"https:\/\/www.sofacompany.gr\/wp-content\/uploads\/2025\/09\/komfy-by-sofacompany-25.jpg\",\"width\":180,\"height\":69,\"caption\":\"Komfy\"},\"image\":{\"@id\":\"https:\/\/www.sofacompany.gr\/en\/#\/schema\/logo\/image\/\"},\"sameAs\":[\"https:\/\/www.facebook.com\/komfy.gr\",\"https:\/\/www.instagram.com\/komfy.gr\/\"]}]}<\/script>\n<!-- \/ Yoast SEO plugin. -->","yoast_head_json":{"title":"MIRRORS PRINCESS | Komfy","robots":{"index":"index","follow":"follow","max-snippet":"max-snippet:-1","max-image-preview":"max-image-preview:large","max-video-preview":"max-video-preview:-1"},"canonical":"https:\/\/www.sofacompany.gr\/en\/product\/kathreptes-princess\/","og_locale":"en_US","og_type":"article","og_title":"MIRRORS PRINCESS | Komfy","og_description":"Decorative round mirrors, available in various dimensions \u00d820 | \u00d825 | \u00d830 | \u00d840 | \u00d850 | \u00d860 | \u00d870 | \u00d880 | \u00d890 | \u00d8100.  (The price refers to dimensions \u00d820).","og_url":"https:\/\/www.sofacompany.gr\/en\/product\/kathreptes-princess\/","og_site_name":"Komfy","article_publisher":"https:\/\/www.facebook.com\/komfy.gr","article_modified_time":"2025-09-25T08:30:24+00:00","og_image":[{"width":2000,"height":1500,"url":"https:\/\/www.sofacompany.gr\/wp-content\/uploads\/2024\/07\/kathreftes.jpg","type":"image\/jpeg"}],"twitter_card":"summary_large_image","twitter_misc":{"Est. reading time":"1 minute"},"schema":{"@context":"https:\/\/schema.org","@graph":[{"@type":"WebPage","@id":"https:\/\/www.sofacompany.gr\/en\/product\/kathreptes-princess\/","url":"https:\/\/www.sofacompany.gr\/en\/product\/kathreptes-princess\/","name":"MIRRORS PRINCESS | Komfy","isPartOf":{"@id":"https:\/\/www.sofacompany.gr\/en\/#website"},"primaryImageOfPage":{"@id":"https:\/\/www.sofacompany.gr\/en\/product\/kathreptes-princess\/#primaryimage"},"image":{"@id":"https:\/\/www.sofacompany.gr\/en\/product\/kathreptes-princess\/#primaryimage"},"thumbnailUrl":"https:\/\/www.sofacompany.gr\/wp-content\/uploads\/2024\/07\/kathreftes.jpg","datePublished":"2024-07-03T11:07:56+00:00","dateModified":"2025-09-25T08:30:24+00:00","breadcrumb":{"@id":"https:\/\/www.sofacompany.gr\/en\/product\/kathreptes-princess\/#breadcrumb"},"inLanguage":"en-US","potentialAction":[{"@type":"ReadAction","target":["https:\/\/www.sofacompany.gr\/en\/product\/kathreptes-princess\/"]}]},{"@type":"ImageObject","inLanguage":"en-US","@id":"https:\/\/www.sofacompany.gr\/en\/product\/kathreptes-princess\/#primaryimage","url":"https:\/\/www.sofacompany.gr\/wp-content\/uploads\/2024\/07\/kathreftes.jpg","contentUrl":"https:\/\/www.sofacompany.gr\/wp-content\/uploads\/2024\/07\/kathreftes.jpg","width":2000,"height":1500},{"@type":"BreadcrumbList","@id":"https:\/\/www.sofacompany.gr\/en\/product\/kathreptes-princess\/#breadcrumb","itemListElement":[{"@type":"ListItem","position":1,"name":"HOME","item":"https:\/\/www.sofacompany.gr\/en\/"},{"@type":"ListItem","position":2,"name":"PRODUCTS","item":"https:\/\/www.sofacompany.gr\/en\/proionta\/"},{"@type":"ListItem","position":3,"name":"SMALL FURNITURE","item":"https:\/\/www.sofacompany.gr\/en\/product-category\/mikroepipla-spitiou\/"},{"@type":"ListItem","position":4,"name":"Mirrors","item":"https:\/\/www.sofacompany.gr\/en\/product-category\/mikroepipla-spitiou\/kathreptes\/"},{"@type":"ListItem","position":5,"name":"MIRRORS PRINCESS"}]},{"@type":"WebSite","@id":"https:\/\/www.sofacompany.gr\/en\/#website","url":"https:\/\/www.sofacompany.gr\/en\/","name":"Komfy","description":"","publisher":{"@id":"https:\/\/www.sofacompany.gr\/en\/#organization"},"potentialAction":[{"@type":"SearchAction","target":{"@type":"EntryPoint","urlTemplate":"https:\/\/www.sofacompany.gr\/en\/?s={search_term_string}"},"query-input":{"@type":"PropertyValueSpecification","valueRequired":true,"valueName":"search_term_string"}}],"inLanguage":"en-US"},{"@type":"Organization","@id":"https:\/\/www.sofacompany.gr\/en\/#organization","name":"Komfy","url":"https:\/\/www.sofacompany.gr\/en\/","logo":{"@type":"ImageObject","inLanguage":"en-US","@id":"https:\/\/www.sofacompany.gr\/en\/#\/schema\/logo\/image\/","url":"https:\/\/www.sofacompany.gr\/wp-content\/uploads\/2025\/09\/komfy-by-sofacompany-25.jpg","contentUrl":"https:\/\/www.sofacompany.gr\/wp-content\/uploads\/2025\/09\/komfy-by-sofacompany-25.jpg","width":180,"height":69,"caption":"Komfy"},"image":{"@id":"https:\/\/www.sofacompany.gr\/en\/#\/schema\/logo\/image\/"},"sameAs":["https:\/\/www.facebook.com\/komfy.gr","https:\/\/www.instagram.com\/komfy.gr\/"]}]}},"_links":{"self":[{"href":"https:\/\/www.sofacompany.gr\/en\/wp-json\/wp\/v2\/product\/5854","targetHints":{"allow":["GET"]}}],"collection":[{"href":"https:\/\/www.sofacompany.gr\/en\/wp-json\/wp\/v2\/product"}],"about":[{"href":"https:\/\/www.sofacompany.gr\/en\/wp-json\/wp\/v2\/types\/product"}],"wp:featuredmedia":[{"embeddable":true,"href":"https:\/\/www.sofacompany.gr\/en\/wp-json\/wp\/v2\/media\/937"}],"wp:attachment":[{"href":"https:\/\/www.sofacompany.gr\/en\/wp-json\/wp\/v2\/media?parent=5854"}],"wp:term":[{"taxonomy":"product_brand","embeddable":true,"href":"https:\/\/www.sofacompany.gr\/en\/wp-json\/wp\/v2\/product_brand?post=5854"},{"taxonomy":"product_cat","embeddable":true,"href":"https:\/\/www.sofacompany.gr\/en\/wp-json\/wp\/v2\/product_cat?post=5854"},{"taxonomy":"product_tag","embeddable":true,"href":"https:\/\/www.sofacompany.gr\/en\/wp-json\/wp\/v2\/product_tag?post=5854"}],"curies":[{"name":"wp","href":"https:\/\/api.w.org\/{rel}","templated":true}]}}