{"id":5912,"date":"2024-09-04T16:13:21","date_gmt":"2024-09-04T13:13:21","guid":{"rendered":"https:\/\/www.sofacompany.gr\/product\/trapezi-ring-2\/"},"modified":"2025-09-23T18:38:33","modified_gmt":"2025-09-23T15:38:33","slug":"trapezi-ring-2","status":"publish","type":"product","link":"https:\/\/www.sofacompany.gr\/en\/product\/trapezi-ring-2\/","title":{"rendered":"TABLE RING"},"content":{"rendered":"","protected":false},"excerpt":{"rendered":"<p>Dining table, fixed or extendable, available in various wood colors and dimensions.<\/p>\n<p>Fixed: \u00d8130&#215;74\u0397 | \u00d8150&#215;74\u0397.<\/p>\n<p>Extendable: \u00d8130\u00d774H (175\u00d7130\u00d774H)\u00a0 |\u00a0 \u00d8150\u00d774H (195\u00d7150\u00d774H).<\/p>\n<p>(The price is for the fixed dimensions \u00d8130&#215;74\u0397 in oak).<\/p>\n","protected":false},"featured_media":3458,"template":"","meta":{"_acf_changed":false},"product_brand":[],"product_cat":[73],"product_tag":[],"class_list":{"0":"post-5912","1":"product","2":"type-product","3":"status-publish","4":"has-post-thumbnail","6":"product_cat-trapezaries-karekles","7":"sales-flash-overlay","8":"woocommerce-text-align-center","9":"woocommerce-image-align-center","11":"first","12":"instock","13":"purchasable","14":"product-type-simple"},"acf":[],"yoast_head":"<!-- This site is optimized with the Yoast SEO plugin v26.0 - https:\/\/yoast.com\/wordpress\/plugins\/seo\/ -->\n<title>TABLE RING | Komfy<\/title>\n<meta name=\"robots\" content=\"index, follow, max-snippet:-1, max-image-preview:large, max-video-preview:-1\" \/>\n<link rel=\"canonical\" href=\"https:\/\/www.sofacompany.gr\/en\/product\/trapezi-ring-2\/\" \/>\n<meta property=\"og:locale\" content=\"en_US\" \/>\n<meta property=\"og:type\" content=\"article\" \/>\n<meta property=\"og:title\" content=\"TABLE RING | Komfy\" \/>\n<meta property=\"og:description\" content=\"Dining table, fixed or extendable, available in various wood colors and dimensions.  Fixed: \u00d8130x74\u0397 | \u00d8150x74\u0397.  Extendable: \u00d8130\u00d774H (175\u00d7130\u00d774H)\u00a0 |\u00a0 \u00d8150\u00d774H (195\u00d7150\u00d774H).  (The price is for the fixed dimensions \u00d8130x74\u0397 in oak).\" \/>\n<meta property=\"og:url\" content=\"https:\/\/www.sofacompany.gr\/en\/product\/trapezi-ring-2\/\" \/>\n<meta property=\"og:site_name\" content=\"Komfy\" \/>\n<meta property=\"article:publisher\" content=\"https:\/\/www.facebook.com\/komfy.gr\" \/>\n<meta property=\"article:modified_time\" content=\"2025-09-23T15:38:33+00:00\" \/>\n<meta property=\"og:image\" content=\"https:\/\/www.sofacompany.gr\/wp-content\/uploads\/2024\/09\/RING-N-01.png\" \/>\n\t<meta property=\"og:image:width\" content=\"7988\" \/>\n\t<meta property=\"og:image:height\" content=\"5141\" \/>\n\t<meta property=\"og:image:type\" content=\"image\/png\" \/>\n<meta name=\"twitter:card\" content=\"summary_large_image\" \/>\n<meta name=\"twitter:label1\" content=\"Est. reading time\" \/>\n\t<meta name=\"twitter:data1\" content=\"1 minute\" \/>\n<script type=\"application\/ld+json\" class=\"yoast-schema-graph\">{\"@context\":\"https:\/\/schema.org\",\"@graph\":[{\"@type\":\"WebPage\",\"@id\":\"https:\/\/www.sofacompany.gr\/en\/product\/trapezi-ring-2\/\",\"url\":\"https:\/\/www.sofacompany.gr\/en\/product\/trapezi-ring-2\/\",\"name\":\"TABLE RING | Komfy\",\"isPartOf\":{\"@id\":\"https:\/\/www.sofacompany.gr\/en\/#website\"},\"primaryImageOfPage\":{\"@id\":\"https:\/\/www.sofacompany.gr\/en\/product\/trapezi-ring-2\/#primaryimage\"},\"image\":{\"@id\":\"https:\/\/www.sofacompany.gr\/en\/product\/trapezi-ring-2\/#primaryimage\"},\"thumbnailUrl\":\"https:\/\/www.sofacompany.gr\/wp-content\/uploads\/2024\/09\/RING-N-01.png\",\"datePublished\":\"2024-09-04T13:13:21+00:00\",\"dateModified\":\"2025-09-23T15:38:33+00:00\",\"breadcrumb\":{\"@id\":\"https:\/\/www.sofacompany.gr\/en\/product\/trapezi-ring-2\/#breadcrumb\"},\"inLanguage\":\"en-US\",\"potentialAction\":[{\"@type\":\"ReadAction\",\"target\":[\"https:\/\/www.sofacompany.gr\/en\/product\/trapezi-ring-2\/\"]}]},{\"@type\":\"ImageObject\",\"inLanguage\":\"en-US\",\"@id\":\"https:\/\/www.sofacompany.gr\/en\/product\/trapezi-ring-2\/#primaryimage\",\"url\":\"https:\/\/www.sofacompany.gr\/wp-content\/uploads\/2024\/09\/RING-N-01.png\",\"contentUrl\":\"https:\/\/www.sofacompany.gr\/wp-content\/uploads\/2024\/09\/RING-N-01.png\",\"width\":7988,\"height\":5141},{\"@type\":\"BreadcrumbList\",\"@id\":\"https:\/\/www.sofacompany.gr\/en\/product\/trapezi-ring-2\/#breadcrumb\",\"itemListElement\":[{\"@type\":\"ListItem\",\"position\":1,\"name\":\"HOME\",\"item\":\"https:\/\/www.sofacompany.gr\/en\/\"},{\"@type\":\"ListItem\",\"position\":2,\"name\":\"PRODUCTS\",\"item\":\"https:\/\/www.sofacompany.gr\/en\/proionta\/\"},{\"@type\":\"ListItem\",\"position\":3,\"name\":\"DINING ROOM\",\"item\":\"https:\/\/www.sofacompany.gr\/en\/product-category\/trapezaria\/\"},{\"@type\":\"ListItem\",\"position\":4,\"name\":\"Tables\",\"item\":\"https:\/\/www.sofacompany.gr\/en\/product-category\/trapezaria\/trapezaries-karekles\/\"},{\"@type\":\"ListItem\",\"position\":5,\"name\":\"TABLE RING\"}]},{\"@type\":\"WebSite\",\"@id\":\"https:\/\/www.sofacompany.gr\/en\/#website\",\"url\":\"https:\/\/www.sofacompany.gr\/en\/\",\"name\":\"Komfy\",\"description\":\"\",\"publisher\":{\"@id\":\"https:\/\/www.sofacompany.gr\/en\/#organization\"},\"potentialAction\":[{\"@type\":\"SearchAction\",\"target\":{\"@type\":\"EntryPoint\",\"urlTemplate\":\"https:\/\/www.sofacompany.gr\/en\/?s={search_term_string}\"},\"query-input\":{\"@type\":\"PropertyValueSpecification\",\"valueRequired\":true,\"valueName\":\"search_term_string\"}}],\"inLanguage\":\"en-US\"},{\"@type\":\"Organization\",\"@id\":\"https:\/\/www.sofacompany.gr\/en\/#organization\",\"name\":\"Komfy\",\"url\":\"https:\/\/www.sofacompany.gr\/en\/\",\"logo\":{\"@type\":\"ImageObject\",\"inLanguage\":\"en-US\",\"@id\":\"https:\/\/www.sofacompany.gr\/en\/#\/schema\/logo\/image\/\",\"url\":\"https:\/\/www.sofacompany.gr\/wp-content\/uploads\/2025\/09\/komfy-by-sofacompany-25.jpg\",\"contentUrl\":\"https:\/\/www.sofacompany.gr\/wp-content\/uploads\/2025\/09\/komfy-by-sofacompany-25.jpg\",\"width\":180,\"height\":69,\"caption\":\"Komfy\"},\"image\":{\"@id\":\"https:\/\/www.sofacompany.gr\/en\/#\/schema\/logo\/image\/\"},\"sameAs\":[\"https:\/\/www.facebook.com\/komfy.gr\",\"https:\/\/www.instagram.com\/komfy.gr\/\"]}]}<\/script>\n<!-- \/ Yoast SEO plugin. -->","yoast_head_json":{"title":"TABLE RING | Komfy","robots":{"index":"index","follow":"follow","max-snippet":"max-snippet:-1","max-image-preview":"max-image-preview:large","max-video-preview":"max-video-preview:-1"},"canonical":"https:\/\/www.sofacompany.gr\/en\/product\/trapezi-ring-2\/","og_locale":"en_US","og_type":"article","og_title":"TABLE RING | Komfy","og_description":"Dining table, fixed or extendable, available in various wood colors and dimensions.  Fixed: \u00d8130x74\u0397 | \u00d8150x74\u0397.  Extendable: \u00d8130\u00d774H (175\u00d7130\u00d774H)\u00a0 |\u00a0 \u00d8150\u00d774H (195\u00d7150\u00d774H).  (The price is for the fixed dimensions \u00d8130x74\u0397 in oak).","og_url":"https:\/\/www.sofacompany.gr\/en\/product\/trapezi-ring-2\/","og_site_name":"Komfy","article_publisher":"https:\/\/www.facebook.com\/komfy.gr","article_modified_time":"2025-09-23T15:38:33+00:00","og_image":[{"width":7988,"height":5141,"url":"https:\/\/www.sofacompany.gr\/wp-content\/uploads\/2024\/09\/RING-N-01.png","type":"image\/png"}],"twitter_card":"summary_large_image","twitter_misc":{"Est. reading time":"1 minute"},"schema":{"@context":"https:\/\/schema.org","@graph":[{"@type":"WebPage","@id":"https:\/\/www.sofacompany.gr\/en\/product\/trapezi-ring-2\/","url":"https:\/\/www.sofacompany.gr\/en\/product\/trapezi-ring-2\/","name":"TABLE RING | Komfy","isPartOf":{"@id":"https:\/\/www.sofacompany.gr\/en\/#website"},"primaryImageOfPage":{"@id":"https:\/\/www.sofacompany.gr\/en\/product\/trapezi-ring-2\/#primaryimage"},"image":{"@id":"https:\/\/www.sofacompany.gr\/en\/product\/trapezi-ring-2\/#primaryimage"},"thumbnailUrl":"https:\/\/www.sofacompany.gr\/wp-content\/uploads\/2024\/09\/RING-N-01.png","datePublished":"2024-09-04T13:13:21+00:00","dateModified":"2025-09-23T15:38:33+00:00","breadcrumb":{"@id":"https:\/\/www.sofacompany.gr\/en\/product\/trapezi-ring-2\/#breadcrumb"},"inLanguage":"en-US","potentialAction":[{"@type":"ReadAction","target":["https:\/\/www.sofacompany.gr\/en\/product\/trapezi-ring-2\/"]}]},{"@type":"ImageObject","inLanguage":"en-US","@id":"https:\/\/www.sofacompany.gr\/en\/product\/trapezi-ring-2\/#primaryimage","url":"https:\/\/www.sofacompany.gr\/wp-content\/uploads\/2024\/09\/RING-N-01.png","contentUrl":"https:\/\/www.sofacompany.gr\/wp-content\/uploads\/2024\/09\/RING-N-01.png","width":7988,"height":5141},{"@type":"BreadcrumbList","@id":"https:\/\/www.sofacompany.gr\/en\/product\/trapezi-ring-2\/#breadcrumb","itemListElement":[{"@type":"ListItem","position":1,"name":"HOME","item":"https:\/\/www.sofacompany.gr\/en\/"},{"@type":"ListItem","position":2,"name":"PRODUCTS","item":"https:\/\/www.sofacompany.gr\/en\/proionta\/"},{"@type":"ListItem","position":3,"name":"DINING ROOM","item":"https:\/\/www.sofacompany.gr\/en\/product-category\/trapezaria\/"},{"@type":"ListItem","position":4,"name":"Tables","item":"https:\/\/www.sofacompany.gr\/en\/product-category\/trapezaria\/trapezaries-karekles\/"},{"@type":"ListItem","position":5,"name":"TABLE RING"}]},{"@type":"WebSite","@id":"https:\/\/www.sofacompany.gr\/en\/#website","url":"https:\/\/www.sofacompany.gr\/en\/","name":"Komfy","description":"","publisher":{"@id":"https:\/\/www.sofacompany.gr\/en\/#organization"},"potentialAction":[{"@type":"SearchAction","target":{"@type":"EntryPoint","urlTemplate":"https:\/\/www.sofacompany.gr\/en\/?s={search_term_string}"},"query-input":{"@type":"PropertyValueSpecification","valueRequired":true,"valueName":"search_term_string"}}],"inLanguage":"en-US"},{"@type":"Organization","@id":"https:\/\/www.sofacompany.gr\/en\/#organization","name":"Komfy","url":"https:\/\/www.sofacompany.gr\/en\/","logo":{"@type":"ImageObject","inLanguage":"en-US","@id":"https:\/\/www.sofacompany.gr\/en\/#\/schema\/logo\/image\/","url":"https:\/\/www.sofacompany.gr\/wp-content\/uploads\/2025\/09\/komfy-by-sofacompany-25.jpg","contentUrl":"https:\/\/www.sofacompany.gr\/wp-content\/uploads\/2025\/09\/komfy-by-sofacompany-25.jpg","width":180,"height":69,"caption":"Komfy"},"image":{"@id":"https:\/\/www.sofacompany.gr\/en\/#\/schema\/logo\/image\/"},"sameAs":["https:\/\/www.facebook.com\/komfy.gr","https:\/\/www.instagram.com\/komfy.gr\/"]}]}},"_links":{"self":[{"href":"https:\/\/www.sofacompany.gr\/en\/wp-json\/wp\/v2\/product\/5912","targetHints":{"allow":["GET"]}}],"collection":[{"href":"https:\/\/www.sofacompany.gr\/en\/wp-json\/wp\/v2\/product"}],"about":[{"href":"https:\/\/www.sofacompany.gr\/en\/wp-json\/wp\/v2\/types\/product"}],"wp:featuredmedia":[{"embeddable":true,"href":"https:\/\/www.sofacompany.gr\/en\/wp-json\/wp\/v2\/media\/3458"}],"wp:attachment":[{"href":"https:\/\/www.sofacompany.gr\/en\/wp-json\/wp\/v2\/media?parent=5912"}],"wp:term":[{"taxonomy":"product_brand","embeddable":true,"href":"https:\/\/www.sofacompany.gr\/en\/wp-json\/wp\/v2\/product_brand?post=5912"},{"taxonomy":"product_cat","embeddable":true,"href":"https:\/\/www.sofacompany.gr\/en\/wp-json\/wp\/v2\/product_cat?post=5912"},{"taxonomy":"product_tag","embeddable":true,"href":"https:\/\/www.sofacompany.gr\/en\/wp-json\/wp\/v2\/product_tag?post=5912"}],"curies":[{"name":"wp","href":"https:\/\/api.w.org\/{rel}","templated":true}]}}